{"id":67,"date":"2020-07-13T12:48:19","date_gmt":"2020-07-13T12:48:19","guid":{"rendered":"http:\/\/www.neiart.lt\/?page_id=67"},"modified":"2020-08-12T19:44:55","modified_gmt":"2020-08-12T19:44:55","slug":"projekto-komanda","status":"publish","type":"page","link":"http:\/\/www.neiart.lt\/index.php\/projekto-komanda\/","title":{"rendered":"Projekto komanda"},"content":{"rendered":"\n\t<!-- wpshopmart team builder wrapper -->\r\n\t<div class=\"wpsm_team_2_b_row\" id=\"wpsm_team_2_b_row_648\">\r\n\t\t<div class=\"wpsm_row\">  \r\n\t\t\t<style>\r\n\t\t\t#wpsm_team_2_b_row_648 .wpsm_team_2_member_wrapper_inner h3{\r\n\t\t\t\tcolor:#ffffff !important;\r\n\t\t\t\tfont-size:18px !important;\r\n\t\t\t\tfont-family:Open Sans !important;\r\n\t\t\t}\r\n\t\t\t\r\n\t\t\t#wpsm_team_2_b_row_648 .wpsm_team_2_b_desig{\r\n\t\t\t\tcolor:#ffffff !important;\r\n\t\t\t\tfont-size:14px !important;\r\n\t\t\t\tfont-family:Open Sans !important;\r\n\t\t\t}\r\n\t\t\t#wpsm_team_2_b_row_648 .wpsm_team_2_b_desc{\r\n\t\t\t\tcolor:#ffffff !important;\r\n\t\t\t\tfont-size:14px !important;\r\n\t\t\t\tfont-family:Open Sans !important;\r\n\t\t\t}\r\n\t\t\t#wpsm_team_2_b_row_648 .wpsm_team_2_social_div a i{\r\n\t\t\t\tcolor:#d3d3d3 !important;\r\n\t\t\t\tborder-color:#d3d3d3 !important;\r\n\t\t\t}\r\n\t\t\t#wpsm_team_2_b_row_648 .wpsm_team_2_member_wrapper{\r\n\t\t\t\tbackground:#212121 !important;\r\n\t\t\t}\r\n\t\t\t\t\t\t<\/style>\r\n\t\t\t\t\t\t \r\n\t\t\t\t\t\r\n\t\t\t\t\t\r\n\t\t\t\t\t<div class=\"wpsm_col-md-4 wpsm_col-sm-6  wpsm-col-div\">\r\n\t\t\t\t\t\t<div class=\"wpsm_team_2_member_wrapper\">\r\n\t\t\t\t\t\t\t<img class=\"img-responsive wpsm_team_2_mem_img\" src=\"http:\/\/www.neiart.lt\/wp-content\/uploads\/2020\/07\/Tomas-Kiveris-3-scaled.jpg\" alt=\"Tomas Kiveris\">\r\n\t\t\t\t\t\t\t<div class=\"wpsm_team_2_member_wrapper_inner\">\r\n\t\t\t\t\t\t\t\t<h3>\r\n\t\t\t\t\t\t\t\t\tTomas Kiveris\t\t\t\t\t\t\t\t<\/h3>\r\n\t\t\t\t\t\t\t\t<span class=\"wpsm_team_2_b_desig\"> U\u017esi\u0117mim\u0173 ir projekto autorius bei vadovas <\/span> \t\t\t\t\t\t\t\t<div class=\"wpsm_team_2_social_div\">\r\n\t\t\t\t\t\t\t\t\t<a href=\"https:\/\/www.facebook.com\/tomas.mumumatata\" target=\"_blank\" title=\"facebook profile\"><i class=\"fa fa-facebook\"><\/i><\/a> \t\t\t\t\t\t\t\t\t\t\t\t\t\t\t\t\t\t<a href=\"https:\/\/www.linkedin.com\/in\/tomas-kiveris-749096a2\/\" target=\"_blank\" title=\"linkedin profile\"><i class=\"fa fa-linkedin\"><\/i><\/a>\t\t\t\t\t\t\t\t\t<a href=\"https:\/\/www.instagram.com\/nidirijo\/\" target=\"_blank\" title=\"instagram profile\"><i class=\"fa fa-instagram\"><\/i><\/a>\t\t\t\t\t\t\t\t<\/div>\r\n\t\t\t\t\t\t\t\t<p class=\"wpsm_team_2_b_desc\"> Tomo id\u0117ja \u012fgyvendinami \u0161ie u\u017esi\u0117mimai. Tomas supa\u017eindina u\u017esi\u0117mim\u0173 dalyvius su ne\u012fgali\u0173j\u0173 teisi\u0173 konvencija, skatina dalyvi\u0173 k\u016brybi\u0161kum\u0105 ir id\u0117j\u0173 generavim\u0105, siekiant perteikti norimas mintis. <\/p> \t\t\t\t\t\t\t\t\r\n\t\t\t\t\t\t\t<\/div>\r\n\t\t\t\t\t\t<\/div>\r\n\t\t\t\t\t<\/div>\r\n\t\t\t\t\t\r\n\t\t\t\t\t\t\t\t\t\t\t\t\t \r\n\t\t\t\t\t\r\n\t\t\t\t\t\r\n\t\t\t\t\t<div class=\"wpsm_col-md-4 wpsm_col-sm-6  wpsm-col-div\">\r\n\t\t\t\t\t\t<div class=\"wpsm_team_2_member_wrapper\">\r\n\t\t\t\t\t\t\t<img class=\"img-responsive wpsm_team_2_mem_img\" src=\"http:\/\/www.neiart.lt\/wp-content\/uploads\/2020\/07\/IMG_1900-scaled-e1594650025905.jpg\" alt=\"Vakar\u0117 Bagdonait\u0117\">\r\n\t\t\t\t\t\t\t<div class=\"wpsm_team_2_member_wrapper_inner\">\r\n\t\t\t\t\t\t\t\t<h3>\r\n\t\t\t\t\t\t\t\t\tVakar\u0117 Bagdonait\u0117\t\t\t\t\t\t\t\t<\/h3>\r\n\t\t\t\t\t\t\t\t<span class=\"wpsm_team_2_b_desig\"> Meditacini\u0173 ir fizinio aktyvumo u\u017esi\u0117mim\u0173 ved\u0117ja \/ u\u017esi\u0117mim\u0173 asistent\u0117 <\/span> \t\t\t\t\t\t\t\t<div class=\"wpsm_team_2_social_div\">\r\n\t\t\t\t\t\t\t\t\t<a href=\"https:\/\/www.facebook.com\/GerojiKarma\" target=\"_blank\" title=\"facebook profile\"><i class=\"fa fa-facebook\"><\/i><\/a> \t\t\t\t\t\t\t\t\t\t\t\t\t\t\t\t\t\t\t\t\t\t\t\t\t\t\t<a href=\"https:\/\/www.instagram.com\/gerojikarma\/\" target=\"_blank\" title=\"instagram profile\"><i class=\"fa fa-instagram\"><\/i><\/a>\t\t\t\t\t\t\t\t<\/div>\r\n\t\t\t\t\t\t\t\t<p class=\"wpsm_team_2_b_desc\"> Vakar\u0117 vykdo meditacinius u\u017esi\u0117mimus, veda mank\u0161tas, padeda informacini\u0173\/menini\u0173 u\u017esi\u0117mim\u0173 metu, yra atsakinga u\u017e dal\u012f vie\u0161\u0173j\u0173 ry\u0161i\u0173. Yra perspektyvi pradedan\u010dioji fotograf\u0117. <\/p> \t\t\t\t\t\t\t\t\r\n\t\t\t\t\t\t\t<\/div>\r\n\t\t\t\t\t\t<\/div>\r\n\t\t\t\t\t<\/div>\r\n\t\t\t\t\t\r\n\t\t\t\t\t\t\t\t\t\t\t\t\t \r\n\t\t\t\t\t\r\n\t\t\t\t\t\r\n\t\t\t\t\t<div class=\"wpsm_col-md-4 wpsm_col-sm-6  wpsm-col-div\">\r\n\t\t\t\t\t\t<div class=\"wpsm_team_2_member_wrapper\">\r\n\t\t\t\t\t\t\t<img class=\"img-responsive wpsm_team_2_mem_img\" src=\"http:\/\/www.neiart.lt\/wp-content\/uploads\/2022\/12\/78037192_2820083314677156_6718812538806468608_n-e1672490688254.jpg\" alt=\"Ugn\u0117 Judickait\u0117\">\r\n\t\t\t\t\t\t\t<div class=\"wpsm_team_2_member_wrapper_inner\">\r\n\t\t\t\t\t\t\t\t<h3>\r\n\t\t\t\t\t\t\t\t\tUgn\u0117 Judickait\u0117\t\t\t\t\t\t\t\t<\/h3>\r\n\t\t\t\t\t\t\t\t<span class=\"wpsm_team_2_b_desig\"> Menini\u0173 u\u017esi\u0117mim\u0173 asistent\u0117 (2022) <\/span> \t\t\t\t\t\t\t\t<div class=\"wpsm_team_2_social_div\">\r\n\t\t\t\t\t\t\t\t\t<a href=\"https:\/\/www.facebook.com\/ugne.judickaite\" target=\"_blank\" title=\"facebook profile\"><i class=\"fa fa-facebook\"><\/i><\/a> \t\t\t\t\t\t\t\t\t\t\t\t\t\t\t\t\t\t\t\t\t\t\t\t\t\t\t\t\t\t\t\t\t\t\t<\/div>\r\n\t\t\t\t\t\t\t\t<p class=\"wpsm_team_2_b_desc\"> Ved\u0117 ir pad\u0117jo tapybos u\u017esi\u0117mim\u0173 metu, kuriant darbus. <\/p> \t\t\t\t\t\t\t\t\r\n\t\t\t\t\t\t\t<\/div>\r\n\t\t\t\t\t\t<\/div>\r\n\t\t\t\t\t<\/div>\r\n\t\t\t\t\t\r\n\t\t\t\t\t\t\t\t\t\t\t<\/div>\r\n\t\t\t\t\t\t<div class=\"wpsm_row\">\r\n\t\t\t\t\t\t\t\t\t\t\t\t\t\t \r\n\t\t\t\t\t\r\n\t\t\t\t\t\r\n\t\t\t\t\t<div class=\"wpsm_col-md-4 wpsm_col-sm-6  wpsm-col-div\">\r\n\t\t\t\t\t\t<div class=\"wpsm_team_2_member_wrapper\">\r\n\t\t\t\t\t\t\t<img class=\"img-responsive wpsm_team_2_mem_img\" src=\"http:\/\/www.neiart.lt\/wp-content\/uploads\/2020\/08\/11169601_653941318072681_846967842471874297_o.jpg\" alt=\"Agn\u0117 Varpukevi\u010di\u016bt\u0117\">\r\n\t\t\t\t\t\t\t<div class=\"wpsm_team_2_member_wrapper_inner\">\r\n\t\t\t\t\t\t\t\t<h3>\r\n\t\t\t\t\t\t\t\t\tAgn\u0117 Varpukevi\u010di\u016bt\u0117\t\t\t\t\t\t\t\t<\/h3>\r\n\t\t\t\t\t\t\t\t<span class=\"wpsm_team_2_b_desig\"> Menini\u0173 u\u017esi\u0117mim\u0173 vadov\u0117 \/ parod\u0173 organizator\u0117 (2020-2021) <\/span> \t\t\t\t\t\t\t\t<div class=\"wpsm_team_2_social_div\">\r\n\t\t\t\t\t\t\t\t\t<a href=\"https:\/\/www.facebook.com\/agne.varpukeviciute\" target=\"_blank\" title=\"facebook profile\"><i class=\"fa fa-facebook\"><\/i><\/a> \t\t\t\t\t\t\t\t\t\t\t\t\t\t\t\t\t\t\t\t\t\t\t\t\t\t\t<a href=\"https:\/\/www.instagram.com\/agnuzeva\/\" target=\"_blank\" title=\"instagram profile\"><i class=\"fa fa-instagram\"><\/i><\/a>\t\t\t\t\t\t\t\t<\/div>\r\n\t\t\t\t\t\t\t\t<p class=\"wpsm_team_2_b_desc\"> Agn\u0117 veda tapybos ir emalio u\u017esi\u0117mimus, skatina \u017emoni\u0173 k\u016brybi\u0161kum\u0105, yra parod\u0173 organizator\u0117. Agn\u0117 taip pat dirba drabu\u017ei\u0173 dizaino, siuvimo, juvelyrikos ir stiklo dirbini\u0173 srityse. <\/p> \t\t\t\t\t\t\t\t\r\n\t\t\t\t\t\t\t<\/div>\r\n\t\t\t\t\t\t<\/div>\r\n\t\t\t\t\t<\/div>\r\n\t\t\t\t\t\r\n\t\t\t\t\t\t\t\t\t\t\t\t\t \r\n\t\t\t\t\t\r\n\t\t\t\t\t\r\n\t\t\t\t\t<div class=\"wpsm_col-md-4 wpsm_col-sm-6  wpsm-col-div\">\r\n\t\t\t\t\t\t<div class=\"wpsm_team_2_member_wrapper\">\r\n\t\t\t\t\t\t\t<img class=\"img-responsive wpsm_team_2_mem_img\" src=\"http:\/\/www.neiart.lt\/wp-content\/uploads\/2021\/06\/179989934_3055788721356540_3147544594692193989_n1-e1624446128505.jpg\" alt=\"Aist\u0117 Varpukevi\u010di\u016bt\u0117\">\r\n\t\t\t\t\t\t\t<div class=\"wpsm_team_2_member_wrapper_inner\">\r\n\t\t\t\t\t\t\t\t<h3>\r\n\t\t\t\t\t\t\t\t\tAist\u0117 Varpukevi\u010di\u016bt\u0117\t\t\t\t\t\t\t\t<\/h3>\r\n\t\t\t\t\t\t\t\t<span class=\"wpsm_team_2_b_desig\"> Menini\u0173 u\u017esi\u0117mim\u0173 vadov\u0117s asistent\u0117 (2021) <\/span> \t\t\t\t\t\t\t\t<div class=\"wpsm_team_2_social_div\">\r\n\t\t\t\t\t\t\t\t\t\t\t\t\t\t\t\t\t\t\t\t\t\t\t\t\t\t\t\t\t\t\t\t\t\t\t\t\t\t\t\t\t\t\t\t<\/div>\r\n\t\t\t\t\t\t\t\t<p class=\"wpsm_team_2_b_desc\"> Aist\u0117 2020 metais savanoriavo neiart.lt projekte ir 2021 metais tapo menini\u0173 u\u017esi\u0117mim\u0173 vadov\u0117s asistent\u0117. Aist\u0117 mielai pataria ir padeda ne\u012fgaliesiems, pati m\u0117gsta meno srit\u012f. <\/p> \t\t\t\t\t\t\t\t\r\n\t\t\t\t\t\t\t<\/div>\r\n\t\t\t\t\t\t<\/div>\r\n\t\t\t\t\t<\/div>\r\n\t\t\t\t\t\r\n\t\t\t\t\t\t\t\t\t\t\t\t\r\n\t\t<\/div>\r\n\t<\/div>\r\n\r\n\t\n","protected":false},"excerpt":{"rendered":"","protected":false},"author":1,"featured_media":0,"parent":0,"menu_order":0,"comment_status":"closed","ping_status":"closed","template":"","meta":{"ngg_post_thumbnail":0,"footnotes":""},"_links":{"self":[{"href":"http:\/\/www.neiart.lt\/index.php\/wp-json\/wp\/v2\/pages\/67"}],"collection":[{"href":"http:\/\/www.neiart.lt\/index.php\/wp-json\/wp\/v2\/pages"}],"about":[{"href":"http:\/\/www.neiart.lt\/index.php\/wp-json\/wp\/v2\/types\/page"}],"author":[{"embeddable":true,"href":"http:\/\/www.neiart.lt\/index.php\/wp-json\/wp\/v2\/users\/1"}],"replies":[{"embeddable":true,"href":"http:\/\/www.neiart.lt\/index.php\/wp-json\/wp\/v2\/comments?post=67"}],"version-history":[{"count":14,"href":"http:\/\/www.neiart.lt\/index.php\/wp-json\/wp\/v2\/pages\/67\/revisions"}],"predecessor-version":[{"id":662,"href":"http:\/\/www.neiart.lt\/index.php\/wp-json\/wp\/v2\/pages\/67\/revisions\/662"}],"wp:attachment":[{"href":"http:\/\/www.neiart.lt\/index.php\/wp-json\/wp\/v2\/media?parent=67"}],"curies":[{"name":"wp","href":"https:\/\/api.w.org\/{rel}","templated":true}]}}