{"id":8,"date":"2020-05-18T12:22:01","date_gmt":"2020-05-18T12:22:01","guid":{"rendered":"http:\/\/www.neiart.lt\/?page_id=8"},"modified":"2020-08-17T16:51:35","modified_gmt":"2020-08-17T16:51:35","slug":"neigaliuju-teisiu-konvencija","status":"publish","type":"page","link":"http:\/\/www.neiart.lt\/index.php\/neigaliuju-teisiu-konvencija\/","title":{"rendered":"Ne\u012fgali\u0173j\u0173 teisi\u0173 konvencija"},"content":{"rendered":"\n<p><code><div class=\"_df_book df-lite\" id=\"df_663\"  data-title=\"neigaliuju-teisiu-konvencija\" _slug=\"663\" wpoptions=\"true\" thumbtype=\"bg\" ><p class=\"df-raw-loading\">Please wait while flipbook is loading. For more related info, FAQs and issues please refer to <a href=\"https:\/\/wordpress.org\/plugins\/3d-flipbook-dflip-lite\/#installation\">DearFlip WordPress Flipbook Plugin Help<\/a> documentation.<\/p><\/div><script class=\"df-shortcode-script\" type=\"application\/javascript\">window.option_df_663 = {\"outline\":[],\"forceFit\":\"true\",\"autoEnableOutline\":\"false\",\"autoEnableThumbnail\":\"false\",\"overwritePDFOutline\":\"false\",\"direction\":\"1\",\"source\":\"http:\\\/\\\/www.neiart.lt\\\/wp-content\\\/uploads\\\/2020\\\/08\\\/NEIGALIUJU-TEISIU-KONVENCIJA_info-svetaineje.pdf\",\"wpOptions\":\"true\"}; if(window.DFLIP && window.DFLIP.parseBooks){window.DFLIP.parseBooks();}<\/script><\/code><\/p>\n","protected":false},"excerpt":{"rendered":"","protected":false},"author":1,"featured_media":0,"parent":0,"menu_order":0,"comment_status":"closed","ping_status":"closed","template":"","meta":{"ngg_post_thumbnail":0,"footnotes":""},"_links":{"self":[{"href":"http:\/\/www.neiart.lt\/index.php\/wp-json\/wp\/v2\/pages\/8"}],"collection":[{"href":"http:\/\/www.neiart.lt\/index.php\/wp-json\/wp\/v2\/pages"}],"about":[{"href":"http:\/\/www.neiart.lt\/index.php\/wp-json\/wp\/v2\/types\/page"}],"author":[{"embeddable":true,"href":"http:\/\/www.neiart.lt\/index.php\/wp-json\/wp\/v2\/users\/1"}],"replies":[{"embeddable":true,"href":"http:\/\/www.neiart.lt\/index.php\/wp-json\/wp\/v2\/comments?post=8"}],"version-history":[{"count":2,"href":"http:\/\/www.neiart.lt\/index.php\/wp-json\/wp\/v2\/pages\/8\/revisions"}],"predecessor-version":[{"id":668,"href":"http:\/\/www.neiart.lt\/index.php\/wp-json\/wp\/v2\/pages\/8\/revisions\/668"}],"wp:attachment":[{"href":"http:\/\/www.neiart.lt\/index.php\/wp-json\/wp\/v2\/media?parent=8"}],"curies":[{"name":"wp","href":"https:\/\/api.w.org\/{rel}","templated":true}]}}